{"id":262,"date":"2024-06-28T19:37:52","date_gmt":"2024-06-28T17:37:52","guid":{"rendered":"https:\/\/grupojdm.com\/?page_id=262"},"modified":"2024-06-28T19:44:43","modified_gmt":"2024-06-28T17:44:43","slug":"rehabilitacion-y-mantenimiento","status":"publish","type":"page","link":"https:\/\/grupojdm.com\/index.php\/rehabilitacion-y-mantenimiento\/","title":{"rendered":"REHABILITACION Y MANTENIMIENTO"},"content":{"rendered":"\t\t<div data-elementor-type=\"wp-page\" data-elementor-id=\"262\" class=\"elementor elementor-262\">\n\t\t\t\t\t\t<section class=\"elementor-section elementor-top-section elementor-element elementor-element-6860162d elementor-section-boxed elementor-section-height-default elementor-section-height-default\" data-id=\"6860162d\" data-element_type=\"section\" data-settings=\"{&quot;background_background&quot;:&quot;classic&quot;}\">\n\t\t\t\t\t\t\t<div class=\"elementor-background-overlay\"><\/div>\n\t\t\t\t\t\t\t<div class=\"elementor-container elementor-column-gap-default\">\n\t\t\t\t\t<div class=\"elementor-column elementor-col-100 elementor-top-column elementor-element elementor-element-58886768\" data-id=\"58886768\" data-element_type=\"column\">\n\t\t\t<div class=\"elementor-widget-wrap elementor-element-populated\">\n\t\t\t\t\t<div class=\"elementor-background-overlay\"><\/div>\n\t\t\t\t\t\t<section class=\"elementor-section elementor-inner-section elementor-element elementor-element-6c00a64a elementor-section-boxed elementor-section-height-default elementor-section-height-default\" data-id=\"6c00a64a\" data-element_type=\"section\">\n\t\t\t\t\t\t<div class=\"elementor-container elementor-column-gap-default\">\n\t\t\t\t\t<div class=\"elementor-column elementor-col-100 elementor-inner-column elementor-element elementor-element-16156dbd\" data-id=\"16156dbd\" data-element_type=\"column\" data-settings=\"{&quot;background_background&quot;:&quot;classic&quot;}\">\n\t\t\t<div class=\"elementor-widget-wrap elementor-element-populated\">\n\t\t\t\t\t\t<div class=\"elementor-element elementor-element-5826ad03 elementor-icon-list--layout-inline elementor-align-center elementor-list-item-link-full_width elementor-widget elementor-widget-icon-list\" data-id=\"5826ad03\" data-element_type=\"widget\" data-widget_type=\"icon-list.default\">\n\t\t\t\t<div class=\"elementor-widget-container\">\n\t\t\t\t\t\t\t<ul class=\"elementor-icon-list-items elementor-inline-items\">\n\t\t\t\t\t\t\t<li class=\"elementor-icon-list-item elementor-inline-item\">\n\t\t\t\t\t\t\t\t\t\t<span class=\"elementor-icon-list-text\">Home<\/span>\n\t\t\t\t\t\t\t\t\t<\/li>\n\t\t\t\t\t\t\t\t<li class=\"elementor-icon-list-item elementor-inline-item\">\n\t\t\t\t\t\t\t\t\t\t\t<span class=\"elementor-icon-list-icon\">\n\t\t\t\t\t\t\t<svg aria-hidden=\"true\" class=\"e-font-icon-svg e-fas-chevron-right\" viewBox=\"0 0 320 512\" xmlns=\"http:\/\/www.w3.org\/2000\/svg\"><path d=\"M285.476 272.971L91.132 467.314c-9.373 9.373-24.569 9.373-33.941 0l-22.667-22.667c-9.357-9.357-9.375-24.522-.04-33.901L188.505 256 34.484 101.255c-9.335-9.379-9.317-24.544.04-33.901l22.667-22.667c9.373-9.373 24.569-9.373 33.941 0L285.475 239.03c9.373 9.372 9.373 24.568.001 33.941z\"><\/path><\/svg>\t\t\t\t\t\t<\/span>\n\t\t\t\t\t\t\t\t\t\t<span class=\"elementor-icon-list-text\">Service Details<\/span>\n\t\t\t\t\t\t\t\t\t<\/li>\n\t\t\t\t\t\t<\/ul>\n\t\t\t\t\t\t<\/div>\n\t\t\t\t<\/div>\n\t\t\t\t<div class=\"elementor-element elementor-element-5a3d708a elementor-widget elementor-widget-heading\" data-id=\"5a3d708a\" data-element_type=\"widget\" data-widget_type=\"heading.default\">\n\t\t\t\t<div class=\"elementor-widget-container\">\n\t\t\t\t\t<h2 class=\"elementor-heading-title elementor-size-default\">Rehabilitacion\ny\nmantenimiento<\/h2>\t\t\t\t<\/div>\n\t\t\t\t<\/div>\n\t\t\t\t<div class=\"elementor-element elementor-element-4810a894 elementor-widget-divider--view-line elementor-widget elementor-widget-divider\" data-id=\"4810a894\" data-element_type=\"widget\" data-widget_type=\"divider.default\">\n\t\t\t\t<div class=\"elementor-widget-container\">\n\t\t\t\t\t\t\t<div class=\"elementor-divider\">\n\t\t\t<span class=\"elementor-divider-separator\">\n\t\t\t\t\t\t<\/span>\n\t\t<\/div>\n\t\t\t\t\t\t<\/div>\n\t\t\t\t<\/div>\n\t\t\t\t\t<\/div>\n\t\t<\/div>\n\t\t\t\t\t<\/div>\n\t\t<\/section>\n\t\t\t\t\t<\/div>\n\t\t<\/div>\n\t\t\t\t\t<\/div>\n\t\t<\/section>\n\t\t\t\t<section class=\"elementor-section elementor-top-section elementor-element elementor-element-4d8259d1 elementor-section-boxed elementor-section-height-default elementor-section-height-default\" data-id=\"4d8259d1\" data-element_type=\"section\">\n\t\t\t\t\t\t<div class=\"elementor-container elementor-column-gap-default\">\n\t\t\t\t\t<div class=\"elementor-column elementor-col-50 elementor-top-column elementor-element elementor-element-63e3e4b1\" data-id=\"63e3e4b1\" data-element_type=\"column\">\n\t\t\t<div class=\"elementor-widget-wrap elementor-element-populated\">\n\t\t\t\t\t\t<div class=\"elementor-element elementor-element-590d97d elementor-widget elementor-widget-heading\" data-id=\"590d97d\" data-element_type=\"widget\" data-widget_type=\"heading.default\">\n\t\t\t\t<div class=\"elementor-widget-container\">\n\t\t\t\t\t<h2 class=\"elementor-heading-title elementor-size-default\">Rehabilitaci\u00f3n y mantenimiento\nestructural a instalaciones industriales y\nde proceso<\/h2>\t\t\t\t<\/div>\n\t\t\t\t<\/div>\n\t\t\t\t<div class=\"elementor-element elementor-element-2d2ba1ca elementor-widget-divider--view-line elementor-widget elementor-widget-divider\" data-id=\"2d2ba1ca\" data-element_type=\"widget\" data-widget_type=\"divider.default\">\n\t\t\t\t<div class=\"elementor-widget-container\">\n\t\t\t\t\t\t\t<div class=\"elementor-divider\">\n\t\t\t<span class=\"elementor-divider-separator\">\n\t\t\t\t\t\t<\/span>\n\t\t<\/div>\n\t\t\t\t\t\t<\/div>\n\t\t\t\t<\/div>\n\t\t\t\t<div class=\"elementor-element elementor-element-52dcf979 elementor-widget elementor-widget-text-editor\" data-id=\"52dcf979\" data-element_type=\"widget\" data-widget_type=\"text-editor.default\">\n\t\t\t\t<div class=\"elementor-widget-container\">\n\t\t\t\t\t\t\t\t\t<ul><li>Rehabilitaci\u00f3n, mantenimiento y cambio de tuber\u00edas<\/li><li>Rehabilitaci\u00f3n, mantenimiento y elaboraci\u00f3n de estructuras met\u00e1licas<\/li><li>Procura e instalaci\u00f3n de v\u00e1lvulas y bombas<\/li><li>Rehabilitaci\u00f3n de ductos por p\u00e9rdida de espesor de pared y fugas con envolventes no met\u00e1licos en ductos y tuber\u00edas<\/li><li>Mantenimiento y rehabilitaci\u00f3n a tanques de almacenamiento<\/li><li>Rehabilitaci\u00f3n, mantenimiento y elaboraci\u00f3n de racks de tuber\u00eda<\/li><li>Reemplazo de placas de acero<\/li><li>Rehabilitaci\u00f3n y elaboraci\u00f3n de barandales, reemplazo de rejillas irving, etc.<\/li><li>Mantenimientos integrales en plataformas de producci\u00f3n, de perforaci\u00f3n y proceso, costa afuera y en tierra<\/li><li>En general, todos los mantenimientos y rehabilitaciones metalmec\u00e1nicas<\/li><\/ul>\t\t\t\t\t\t\t\t<\/div>\n\t\t\t\t<\/div>\n\t\t\t\t\t<\/div>\n\t\t<\/div>\n\t\t\t\t<div class=\"elementor-column elementor-col-50 elementor-top-column elementor-element elementor-element-d27ae4d\" data-id=\"d27ae4d\" data-element_type=\"column\">\n\t\t\t<div class=\"elementor-widget-wrap elementor-element-populated\">\n\t\t\t\t\t\t<section class=\"elementor-section elementor-inner-section elementor-element elementor-element-6c33761e elementor-section-boxed elementor-section-height-default elementor-section-height-default\" data-id=\"6c33761e\" data-element_type=\"section\">\n\t\t\t\t\t\t<div class=\"elementor-container elementor-column-gap-no\">\n\t\t\t\t\t<div class=\"elementor-column elementor-col-100 elementor-inner-column elementor-element elementor-element-16b6998b\" data-id=\"16b6998b\" data-element_type=\"column\">\n\t\t\t<div class=\"elementor-widget-wrap elementor-element-populated\">\n\t\t\t\t\t\t<div class=\"elementor-element elementor-element-46ed3235 elementor-widget__width-initial elementor-widget elementor-widget-image\" data-id=\"46ed3235\" data-element_type=\"widget\" data-widget_type=\"image.default\">\n\t\t\t\t<div class=\"elementor-widget-container\">\n\t\t\t\t\t\t\t\t\t\t\t\t\t\t\t<img fetchpriority=\"high\" decoding=\"async\" width=\"294\" height=\"299\" src=\"https:\/\/grupojdm.com\/wp-content\/uploads\/2024\/06\/Mesa-de-trabajo-24.png\" class=\"attachment-full size-full wp-image-273\" alt=\"\" \/>\t\t\t\t\t\t\t\t\t\t\t\t\t\t\t<\/div>\n\t\t\t\t<\/div>\n\t\t\t\t<div class=\"elementor-element elementor-element-50ef34b elementor-widget__width-initial elementor-widget elementor-widget-image\" data-id=\"50ef34b\" data-element_type=\"widget\" data-widget_type=\"image.default\">\n\t\t\t\t<div class=\"elementor-widget-container\">\n\t\t\t\t\t\t\t\t\t\t\t\t\t\t\t<img decoding=\"async\" width=\"384\" height=\"591\" src=\"https:\/\/grupojdm.com\/wp-content\/uploads\/2024\/06\/Mesa-de-trabajo-21.png\" class=\"attachment-full size-full wp-image-272\" alt=\"\" srcset=\"https:\/\/grupojdm.com\/wp-content\/uploads\/2024\/06\/Mesa-de-trabajo-21.png 384w, https:\/\/grupojdm.com\/wp-content\/uploads\/2024\/06\/Mesa-de-trabajo-21-195x300.png 195w\" sizes=\"(max-width: 384px) 100vw, 384px\" \/>\t\t\t\t\t\t\t\t\t\t\t\t\t\t\t<\/div>\n\t\t\t\t<\/div>\n\t\t\t\t\t<\/div>\n\t\t<\/div>\n\t\t\t\t\t<\/div>\n\t\t<\/section>\n\t\t\t\t\t<\/div>\n\t\t<\/div>\n\t\t\t\t\t<\/div>\n\t\t<\/section>\n\t\t\t\t<\/div>\n\t\t","protected":false},"excerpt":{"rendered":"<p>Home Service Details Rehabilitacion y mantenimiento Rehabilitaci\u00f3n y mantenimiento estructural a instalaciones industriales y de proceso Rehabilitaci\u00f3n, mantenimiento y cambio de tuber\u00edas Rehabilitaci\u00f3n, mantenimiento y elaboraci\u00f3n de estructuras met\u00e1licas Procura e instalaci\u00f3n de v\u00e1lvulas y bombas Rehabilitaci\u00f3n de ductos por p\u00e9rdida de espesor de pared y fugas con envolventes no met\u00e1licos en ductos y tuber\u00edas [&hellip;]<\/p>\n","protected":false},"author":1,"featured_media":0,"parent":0,"menu_order":0,"comment_status":"closed","ping_status":"closed","template":"elementor_header_footer","meta":{"footnotes":""},"class_list":["post-262","page","type-page","status-publish","hentry"],"_links":{"self":[{"href":"https:\/\/grupojdm.com\/index.php\/wp-json\/wp\/v2\/pages\/262","targetHints":{"allow":["GET"]}}],"collection":[{"href":"https:\/\/grupojdm.com\/index.php\/wp-json\/wp\/v2\/pages"}],"about":[{"href":"https:\/\/grupojdm.com\/index.php\/wp-json\/wp\/v2\/types\/page"}],"author":[{"embeddable":true,"href":"https:\/\/grupojdm.com\/index.php\/wp-json\/wp\/v2\/users\/1"}],"replies":[{"embeddable":true,"href":"https:\/\/grupojdm.com\/index.php\/wp-json\/wp\/v2\/comments?post=262"}],"version-history":[{"count":7,"href":"https:\/\/grupojdm.com\/index.php\/wp-json\/wp\/v2\/pages\/262\/revisions"}],"predecessor-version":[{"id":279,"href":"https:\/\/grupojdm.com\/index.php\/wp-json\/wp\/v2\/pages\/262\/revisions\/279"}],"wp:attachment":[{"href":"https:\/\/grupojdm.com\/index.php\/wp-json\/wp\/v2\/media?parent=262"}],"curies":[{"name":"wp","href":"https:\/\/api.w.org\/{rel}","templated":true}]}}