{"id":280,"date":"2024-06-28T19:45:22","date_gmt":"2024-06-28T17:45:22","guid":{"rendered":"https:\/\/grupojdm.com\/?page_id=280"},"modified":"2024-06-28T19:49:51","modified_gmt":"2024-06-28T17:49:51","slug":"redes-contra-incendio","status":"publish","type":"page","link":"https:\/\/grupojdm.com\/index.php\/redes-contra-incendio\/","title":{"rendered":"REDES CONTRA INCENDIO"},"content":{"rendered":"\t\t<div data-elementor-type=\"wp-page\" data-elementor-id=\"280\" class=\"elementor elementor-280\">\n\t\t\t\t\t\t<section class=\"elementor-section elementor-top-section elementor-element elementor-element-14433cf4 elementor-section-boxed elementor-section-height-default elementor-section-height-default\" data-id=\"14433cf4\" data-element_type=\"section\" data-settings=\"{&quot;background_background&quot;:&quot;classic&quot;}\">\n\t\t\t\t\t\t\t<div class=\"elementor-background-overlay\"><\/div>\n\t\t\t\t\t\t\t<div class=\"elementor-container elementor-column-gap-default\">\n\t\t\t\t\t<div class=\"elementor-column elementor-col-100 elementor-top-column elementor-element elementor-element-4d655f4\" data-id=\"4d655f4\" data-element_type=\"column\">\n\t\t\t<div class=\"elementor-widget-wrap elementor-element-populated\">\n\t\t\t\t\t<div class=\"elementor-background-overlay\"><\/div>\n\t\t\t\t\t\t<section class=\"elementor-section elementor-inner-section elementor-element elementor-element-77881414 elementor-section-boxed elementor-section-height-default elementor-section-height-default\" data-id=\"77881414\" data-element_type=\"section\">\n\t\t\t\t\t\t<div class=\"elementor-container elementor-column-gap-default\">\n\t\t\t\t\t<div class=\"elementor-column elementor-col-100 elementor-inner-column elementor-element elementor-element-7c7a93cf\" data-id=\"7c7a93cf\" data-element_type=\"column\" data-settings=\"{&quot;background_background&quot;:&quot;classic&quot;}\">\n\t\t\t<div class=\"elementor-widget-wrap elementor-element-populated\">\n\t\t\t\t\t\t<div class=\"elementor-element elementor-element-380e66ef elementor-icon-list--layout-inline elementor-align-center elementor-list-item-link-full_width elementor-widget elementor-widget-icon-list\" data-id=\"380e66ef\" data-element_type=\"widget\" data-widget_type=\"icon-list.default\">\n\t\t\t\t<div class=\"elementor-widget-container\">\n\t\t\t\t\t\t\t<ul class=\"elementor-icon-list-items elementor-inline-items\">\n\t\t\t\t\t\t\t<li class=\"elementor-icon-list-item elementor-inline-item\">\n\t\t\t\t\t\t\t\t\t\t<span class=\"elementor-icon-list-text\">Home<\/span>\n\t\t\t\t\t\t\t\t\t<\/li>\n\t\t\t\t\t\t\t\t<li class=\"elementor-icon-list-item elementor-inline-item\">\n\t\t\t\t\t\t\t\t\t\t\t<span class=\"elementor-icon-list-icon\">\n\t\t\t\t\t\t\t<svg aria-hidden=\"true\" class=\"e-font-icon-svg e-fas-chevron-right\" viewBox=\"0 0 320 512\" xmlns=\"http:\/\/www.w3.org\/2000\/svg\"><path d=\"M285.476 272.971L91.132 467.314c-9.373 9.373-24.569 9.373-33.941 0l-22.667-22.667c-9.357-9.357-9.375-24.522-.04-33.901L188.505 256 34.484 101.255c-9.335-9.379-9.317-24.544.04-33.901l22.667-22.667c9.373-9.373 24.569-9.373 33.941 0L285.475 239.03c9.373 9.372 9.373 24.568.001 33.941z\"><\/path><\/svg>\t\t\t\t\t\t<\/span>\n\t\t\t\t\t\t\t\t\t\t<span class=\"elementor-icon-list-text\">Service Details<\/span>\n\t\t\t\t\t\t\t\t\t<\/li>\n\t\t\t\t\t\t<\/ul>\n\t\t\t\t\t\t<\/div>\n\t\t\t\t<\/div>\n\t\t\t\t<div class=\"elementor-element elementor-element-6aadbf32 elementor-widget elementor-widget-heading\" data-id=\"6aadbf32\" data-element_type=\"widget\" data-widget_type=\"heading.default\">\n\t\t\t\t<div class=\"elementor-widget-container\">\n\t\t\t\t\t<h2 class=\"elementor-heading-title elementor-size-default\">REDES\nCONTRA\nINCENDIO<\/h2>\t\t\t\t<\/div>\n\t\t\t\t<\/div>\n\t\t\t\t<div class=\"elementor-element elementor-element-167a2359 elementor-widget-divider--view-line elementor-widget elementor-widget-divider\" data-id=\"167a2359\" data-element_type=\"widget\" data-widget_type=\"divider.default\">\n\t\t\t\t<div class=\"elementor-widget-container\">\n\t\t\t\t\t\t\t<div class=\"elementor-divider\">\n\t\t\t<span class=\"elementor-divider-separator\">\n\t\t\t\t\t\t<\/span>\n\t\t<\/div>\n\t\t\t\t\t\t<\/div>\n\t\t\t\t<\/div>\n\t\t\t\t\t<\/div>\n\t\t<\/div>\n\t\t\t\t\t<\/div>\n\t\t<\/section>\n\t\t\t\t\t<\/div>\n\t\t<\/div>\n\t\t\t\t\t<\/div>\n\t\t<\/section>\n\t\t\t\t<section class=\"elementor-section elementor-top-section elementor-element elementor-element-3c24d2f7 elementor-section-boxed elementor-section-height-default elementor-section-height-default\" data-id=\"3c24d2f7\" data-element_type=\"section\">\n\t\t\t\t\t\t<div class=\"elementor-container elementor-column-gap-default\">\n\t\t\t\t\t<div class=\"elementor-column elementor-col-50 elementor-top-column elementor-element elementor-element-65f0f0dc\" data-id=\"65f0f0dc\" data-element_type=\"column\">\n\t\t\t<div class=\"elementor-widget-wrap elementor-element-populated\">\n\t\t\t\t\t\t<div class=\"elementor-element elementor-element-1b0b79d5 elementor-widget elementor-widget-heading\" data-id=\"1b0b79d5\" data-element_type=\"widget\" data-widget_type=\"heading.default\">\n\t\t\t\t<div class=\"elementor-widget-container\">\n\t\t\t\t\t<h2 class=\"elementor-heading-title elementor-size-default\">REHABILITACI\u00d3N,\nMANTENIMIENTO,\nAS\u00cd COMO LA\nINGENIER\u00cdA,\nPROCURA Y\nCONSTRUCCI\u00d3N\nDE REDES\nCONTRA\nINCENDIO<\/h2>\t\t\t\t<\/div>\n\t\t\t\t<\/div>\n\t\t\t\t<div class=\"elementor-element elementor-element-6a3e24d9 elementor-widget-divider--view-line elementor-widget elementor-widget-divider\" data-id=\"6a3e24d9\" data-element_type=\"widget\" data-widget_type=\"divider.default\">\n\t\t\t\t<div class=\"elementor-widget-container\">\n\t\t\t\t\t\t\t<div class=\"elementor-divider\">\n\t\t\t<span class=\"elementor-divider-separator\">\n\t\t\t\t\t\t<\/span>\n\t\t<\/div>\n\t\t\t\t\t\t<\/div>\n\t\t\t\t<\/div>\n\t\t\t\t<div class=\"elementor-element elementor-element-3317b12e elementor-widget elementor-widget-text-editor\" data-id=\"3317b12e\" data-element_type=\"widget\" data-widget_type=\"text-editor.default\">\n\t\t\t\t<div class=\"elementor-widget-container\">\n\t\t\t\t\t\t\t\t\t<ul><li>Procura e instalaci\u00f3n de equipos de la secci\u00f3n h\u00fameda<br \/>de redes contra incendio (monitores, v\u00e1lvulas monitor,<br \/>v\u00e1lvulas hidrante, v\u00e1lvulas de diluvio, filtros, rociadores,<br \/>sprinkles, etc.)<\/li><li>Sistemas de espuma para combate de fuego en<br \/>instalaciones industriales, plantas de proceso y<br \/>almacenamiento.<\/li><li>Procura e instalaci\u00f3n de la red de tuber\u00edas as\u00ed como<br \/>anillos enfriadores de tanques de almacenamiento<\/li><li>Sistemas de espuma aut\u00f3nomos para combate de<br \/>fuego en locaciones remotas<\/li><li>Sistemas de espuma para combate de fuego en<br \/>helipuertos<\/li><\/ul>\t\t\t\t\t\t\t\t<\/div>\n\t\t\t\t<\/div>\n\t\t\t\t\t<\/div>\n\t\t<\/div>\n\t\t\t\t<div class=\"elementor-column elementor-col-50 elementor-top-column elementor-element elementor-element-2fc4dfa5\" data-id=\"2fc4dfa5\" data-element_type=\"column\">\n\t\t\t<div class=\"elementor-widget-wrap elementor-element-populated\">\n\t\t\t\t\t\t<section class=\"elementor-section elementor-inner-section elementor-element elementor-element-61c9054 elementor-section-boxed elementor-section-height-default elementor-section-height-default\" data-id=\"61c9054\" data-element_type=\"section\">\n\t\t\t\t\t\t<div class=\"elementor-container elementor-column-gap-no\">\n\t\t\t\t\t<div class=\"elementor-column elementor-col-100 elementor-inner-column elementor-element elementor-element-a23169f\" data-id=\"a23169f\" data-element_type=\"column\">\n\t\t\t<div class=\"elementor-widget-wrap elementor-element-populated\">\n\t\t\t\t\t\t<div class=\"elementor-element elementor-element-74150c23 elementor-widget__width-initial elementor-widget elementor-widget-image\" data-id=\"74150c23\" data-element_type=\"widget\" data-widget_type=\"image.default\">\n\t\t\t\t<div class=\"elementor-widget-container\">\n\t\t\t\t\t\t\t\t\t\t\t\t\t\t\t<img fetchpriority=\"high\" decoding=\"async\" width=\"367\" height=\"295\" src=\"https:\/\/grupojdm.com\/wp-content\/uploads\/2024\/06\/Mesa-de-trabajo-27.png\" class=\"attachment-full size-full wp-image-283\" alt=\"\" srcset=\"https:\/\/grupojdm.com\/wp-content\/uploads\/2024\/06\/Mesa-de-trabajo-27.png 367w, https:\/\/grupojdm.com\/wp-content\/uploads\/2024\/06\/Mesa-de-trabajo-27-300x241.png 300w\" sizes=\"(max-width: 367px) 100vw, 367px\" \/>\t\t\t\t\t\t\t\t\t\t\t\t\t\t\t<\/div>\n\t\t\t\t<\/div>\n\t\t\t\t<div class=\"elementor-element elementor-element-31bb8d1d elementor-widget__width-initial elementor-widget elementor-widget-image\" data-id=\"31bb8d1d\" data-element_type=\"widget\" data-widget_type=\"image.default\">\n\t\t\t\t<div class=\"elementor-widget-container\">\n\t\t\t\t\t\t\t\t\t\t\t\t\t\t\t<img decoding=\"async\" width=\"296\" height=\"429\" src=\"https:\/\/grupojdm.com\/wp-content\/uploads\/2024\/06\/Mesa-de-trabajo-25.png\" class=\"attachment-full size-full wp-image-284\" alt=\"\" srcset=\"https:\/\/grupojdm.com\/wp-content\/uploads\/2024\/06\/Mesa-de-trabajo-25.png 296w, https:\/\/grupojdm.com\/wp-content\/uploads\/2024\/06\/Mesa-de-trabajo-25-207x300.png 207w\" sizes=\"(max-width: 296px) 100vw, 296px\" \/>\t\t\t\t\t\t\t\t\t\t\t\t\t\t\t<\/div>\n\t\t\t\t<\/div>\n\t\t\t\t\t<\/div>\n\t\t<\/div>\n\t\t\t\t\t<\/div>\n\t\t<\/section>\n\t\t\t\t\t<\/div>\n\t\t<\/div>\n\t\t\t\t\t<\/div>\n\t\t<\/section>\n\t\t\t\t<section class=\"elementor-section elementor-top-section elementor-element elementor-element-25ba2bb elementor-section-boxed elementor-section-height-default elementor-section-height-default\" data-id=\"25ba2bb\" data-element_type=\"section\">\n\t\t\t\t\t\t<div class=\"elementor-container elementor-column-gap-default\">\n\t\t\t\t\t<div class=\"elementor-column elementor-col-100 elementor-top-column elementor-element elementor-element-592dc845\" data-id=\"592dc845\" data-element_type=\"column\">\n\t\t\t<div class=\"elementor-widget-wrap elementor-element-populated\">\n\t\t\t\t\t\t<div class=\"elementor-element elementor-element-62e53813 elementor-widget elementor-widget-heading\" data-id=\"62e53813\" data-element_type=\"widget\" data-widget_type=\"heading.default\">\n\t\t\t\t<div class=\"elementor-widget-container\">\n\t\t\t\t\t<h2 class=\"elementor-heading-title elementor-size-default\">Rehabilitaci\u00f3n, mantenimiento, as\u00ed\ncomo la ingenier\u00eda, procura y\nconstrucci\u00f3n de redes contra incendio<\/h2>\t\t\t\t<\/div>\n\t\t\t\t<\/div>\n\t\t\t\t<div class=\"elementor-element elementor-element-75031ed1 elementor-widget-divider--view-line elementor-widget elementor-widget-divider\" data-id=\"75031ed1\" data-element_type=\"widget\" data-widget_type=\"divider.default\">\n\t\t\t\t<div class=\"elementor-widget-container\">\n\t\t\t\t\t\t\t<div class=\"elementor-divider\">\n\t\t\t<span class=\"elementor-divider-separator\">\n\t\t\t\t\t\t<\/span>\n\t\t<\/div>\n\t\t\t\t\t\t<\/div>\n\t\t\t\t<\/div>\n\t\t\t\t<section class=\"elementor-section elementor-inner-section elementor-element elementor-element-78e19cd9 elementor-section-boxed elementor-section-height-default elementor-section-height-default\" data-id=\"78e19cd9\" data-element_type=\"section\">\n\t\t\t\t\t\t<div class=\"elementor-container elementor-column-gap-no\">\n\t\t\t\t\t<div class=\"elementor-column elementor-col-50 elementor-inner-column elementor-element elementor-element-24c50e15\" data-id=\"24c50e15\" data-element_type=\"column\">\n\t\t\t<div class=\"elementor-widget-wrap elementor-element-populated\">\n\t\t\t\t\t\t<div class=\"elementor-element elementor-element-52ad459b elementor-widget elementor-widget-text-editor\" data-id=\"52ad459b\" data-element_type=\"widget\" data-widget_type=\"text-editor.default\">\n\t\t\t\t<div class=\"elementor-widget-container\">\n\t\t\t\t\t\t\t\t\t<ul><li>Tomas de bombero e hidrantes monitor<\/li><li>Procura e instalaci\u00f3n de bombas de redes contra incendio<\/li><li>Ingenier\u00eda, procura y construcci\u00f3n de red contra incendio en muelles y puertos con monitores elevados automatizados o manuales<\/li><li>Agente espumante para el combate de fuegos AFFF y AR-AFFF<\/li><li>En general, la ingenier\u00eda, procura y construcci\u00f3n de redes contra incendio de plantas industriales, de proceso y de almacenamiento, as\u00ed como en puertos y terminales mar\u00edtimas<\/li><\/ul>\t\t\t\t\t\t\t\t<\/div>\n\t\t\t\t<\/div>\n\t\t\t\t\t<\/div>\n\t\t<\/div>\n\t\t\t\t<div class=\"elementor-column elementor-col-50 elementor-inner-column elementor-element elementor-element-5a17e175\" data-id=\"5a17e175\" data-element_type=\"column\">\n\t\t\t<div class=\"elementor-widget-wrap elementor-element-populated\">\n\t\t\t\t\t\t<div class=\"elementor-element elementor-element-7fd5ce4a elementor-widget elementor-widget-image\" data-id=\"7fd5ce4a\" data-element_type=\"widget\" data-widget_type=\"image.default\">\n\t\t\t\t<div class=\"elementor-widget-container\">\n\t\t\t\t\t\t\t\t\t\t\t\t\t\t\t<img decoding=\"async\" width=\"437\" height=\"295\" src=\"https:\/\/grupojdm.com\/wp-content\/uploads\/2024\/06\/Mesa-de-trabajo-26.png\" class=\"attachment-full size-full wp-image-285\" alt=\"\" srcset=\"https:\/\/grupojdm.com\/wp-content\/uploads\/2024\/06\/Mesa-de-trabajo-26.png 437w, https:\/\/grupojdm.com\/wp-content\/uploads\/2024\/06\/Mesa-de-trabajo-26-300x203.png 300w\" sizes=\"(max-width: 437px) 100vw, 437px\" \/>\t\t\t\t\t\t\t\t\t\t\t\t\t\t\t<\/div>\n\t\t\t\t<\/div>\n\t\t\t\t\t<\/div>\n\t\t<\/div>\n\t\t\t\t\t<\/div>\n\t\t<\/section>\n\t\t\t\t\t<\/div>\n\t\t<\/div>\n\t\t\t\t\t<\/div>\n\t\t<\/section>\n\t\t\t\t<\/div>\n\t\t","protected":false},"excerpt":{"rendered":"<p>Home Service Details REDES CONTRA INCENDIO REHABILITACI\u00d3N, MANTENIMIENTO, AS\u00cd COMO LA INGENIER\u00cdA, PROCURA Y CONSTRUCCI\u00d3N DE REDES CONTRA INCENDIO Procura e instalaci\u00f3n de equipos de la secci\u00f3n h\u00famedade redes contra incendio (monitores, v\u00e1lvulas monitor,v\u00e1lvulas hidrante, v\u00e1lvulas de diluvio, filtros, rociadores,sprinkles, etc.) Sistemas de espuma para combate de fuego eninstalaciones industriales, plantas de proceso yalmacenamiento. Procura [&hellip;]<\/p>\n","protected":false},"author":1,"featured_media":0,"parent":0,"menu_order":0,"comment_status":"closed","ping_status":"closed","template":"elementor_header_footer","meta":{"footnotes":""},"class_list":["post-280","page","type-page","status-publish","hentry"],"_links":{"self":[{"href":"https:\/\/grupojdm.com\/index.php\/wp-json\/wp\/v2\/pages\/280","targetHints":{"allow":["GET"]}}],"collection":[{"href":"https:\/\/grupojdm.com\/index.php\/wp-json\/wp\/v2\/pages"}],"about":[{"href":"https:\/\/grupojdm.com\/index.php\/wp-json\/wp\/v2\/types\/page"}],"author":[{"embeddable":true,"href":"https:\/\/grupojdm.com\/index.php\/wp-json\/wp\/v2\/users\/1"}],"replies":[{"embeddable":true,"href":"https:\/\/grupojdm.com\/index.php\/wp-json\/wp\/v2\/comments?post=280"}],"version-history":[{"count":4,"href":"https:\/\/grupojdm.com\/index.php\/wp-json\/wp\/v2\/pages\/280\/revisions"}],"predecessor-version":[{"id":288,"href":"https:\/\/grupojdm.com\/index.php\/wp-json\/wp\/v2\/pages\/280\/revisions\/288"}],"wp:attachment":[{"href":"https:\/\/grupojdm.com\/index.php\/wp-json\/wp\/v2\/media?parent=280"}],"curies":[{"name":"wp","href":"https:\/\/api.w.org\/{rel}","templated":true}]}}