{"id":297,"date":"2024-06-28T19:56:49","date_gmt":"2024-06-28T17:56:49","guid":{"rendered":"https:\/\/grupojdm.com\/?page_id=297"},"modified":"2025-03-20T00:43:29","modified_gmt":"2025-03-19T23:43:29","slug":"servicios-a-campos","status":"publish","type":"page","link":"https:\/\/grupojdm.com\/index.php\/servicios-a-campos\/","title":{"rendered":"SERVICIOS A CAMPO"},"content":{"rendered":"\t\t<div data-elementor-type=\"wp-page\" data-elementor-id=\"297\" class=\"elementor elementor-297\">\n\t\t\t\t\t\t<section class=\"elementor-section elementor-top-section elementor-element elementor-element-3a8018ba elementor-section-boxed elementor-section-height-default elementor-section-height-default\" data-id=\"3a8018ba\" data-element_type=\"section\" data-settings=\"{&quot;background_background&quot;:&quot;classic&quot;}\">\n\t\t\t\t\t\t\t<div class=\"elementor-background-overlay\"><\/div>\n\t\t\t\t\t\t\t<div class=\"elementor-container elementor-column-gap-default\">\n\t\t\t\t\t<div class=\"elementor-column elementor-col-100 elementor-top-column elementor-element elementor-element-1572803e\" data-id=\"1572803e\" data-element_type=\"column\">\n\t\t\t<div class=\"elementor-widget-wrap elementor-element-populated\">\n\t\t\t\t\t<div class=\"elementor-background-overlay\"><\/div>\n\t\t\t\t\t\t<section class=\"elementor-section elementor-inner-section elementor-element elementor-element-e20c588 elementor-section-boxed elementor-section-height-default elementor-section-height-default\" data-id=\"e20c588\" data-element_type=\"section\">\n\t\t\t\t\t\t<div class=\"elementor-container elementor-column-gap-default\">\n\t\t\t\t\t<div class=\"elementor-column elementor-col-100 elementor-inner-column elementor-element elementor-element-52f5771c\" data-id=\"52f5771c\" data-element_type=\"column\" data-settings=\"{&quot;background_background&quot;:&quot;classic&quot;}\">\n\t\t\t<div class=\"elementor-widget-wrap elementor-element-populated\">\n\t\t\t\t\t\t<div class=\"elementor-element elementor-element-559cd45b elementor-icon-list--layout-inline elementor-align-center elementor-list-item-link-full_width elementor-widget elementor-widget-icon-list\" data-id=\"559cd45b\" data-element_type=\"widget\" data-widget_type=\"icon-list.default\">\n\t\t\t\t<div class=\"elementor-widget-container\">\n\t\t\t\t\t\t\t<ul class=\"elementor-icon-list-items elementor-inline-items\">\n\t\t\t\t\t\t\t<li class=\"elementor-icon-list-item elementor-inline-item\">\n\t\t\t\t\t\t\t\t\t\t<span class=\"elementor-icon-list-text\">Home<\/span>\n\t\t\t\t\t\t\t\t\t<\/li>\n\t\t\t\t\t\t\t\t<li class=\"elementor-icon-list-item elementor-inline-item\">\n\t\t\t\t\t\t\t\t\t\t\t<span class=\"elementor-icon-list-icon\">\n\t\t\t\t\t\t\t<svg aria-hidden=\"true\" class=\"e-font-icon-svg e-fas-chevron-right\" viewBox=\"0 0 320 512\" xmlns=\"http:\/\/www.w3.org\/2000\/svg\"><path d=\"M285.476 272.971L91.132 467.314c-9.373 9.373-24.569 9.373-33.941 0l-22.667-22.667c-9.357-9.357-9.375-24.522-.04-33.901L188.505 256 34.484 101.255c-9.335-9.379-9.317-24.544.04-33.901l22.667-22.667c9.373-9.373 24.569-9.373 33.941 0L285.475 239.03c9.373 9.372 9.373 24.568.001 33.941z\"><\/path><\/svg>\t\t\t\t\t\t<\/span>\n\t\t\t\t\t\t\t\t\t\t<span class=\"elementor-icon-list-text\">Servicios<\/span>\n\t\t\t\t\t\t\t\t\t<\/li>\n\t\t\t\t\t\t<\/ul>\n\t\t\t\t\t\t<\/div>\n\t\t\t\t<\/div>\n\t\t\t\t<div class=\"elementor-element elementor-element-5104922b elementor-widget elementor-widget-heading\" data-id=\"5104922b\" data-element_type=\"widget\" data-widget_type=\"heading.default\">\n\t\t\t\t<div class=\"elementor-widget-container\">\n\t\t\t\t\t<h2 class=\"elementor-heading-title elementor-size-default\">SERVICIOS A CAMPO<\/h2>\t\t\t\t<\/div>\n\t\t\t\t<\/div>\n\t\t\t\t<div class=\"elementor-element elementor-element-4db404ea elementor-widget-divider--view-line elementor-widget elementor-widget-divider\" data-id=\"4db404ea\" data-element_type=\"widget\" data-widget_type=\"divider.default\">\n\t\t\t\t<div class=\"elementor-widget-container\">\n\t\t\t\t\t\t\t<div class=\"elementor-divider\">\n\t\t\t<span class=\"elementor-divider-separator\">\n\t\t\t\t\t\t<\/span>\n\t\t<\/div>\n\t\t\t\t\t\t<\/div>\n\t\t\t\t<\/div>\n\t\t\t\t\t<\/div>\n\t\t<\/div>\n\t\t\t\t\t<\/div>\n\t\t<\/section>\n\t\t\t\t\t<\/div>\n\t\t<\/div>\n\t\t\t\t\t<\/div>\n\t\t<\/section>\n\t\t\t\t<section class=\"elementor-section elementor-top-section elementor-element elementor-element-3ec05d74 elementor-section-boxed elementor-section-height-default elementor-section-height-default\" data-id=\"3ec05d74\" data-element_type=\"section\">\n\t\t\t\t\t\t<div class=\"elementor-container elementor-column-gap-default\">\n\t\t\t\t\t<div class=\"elementor-column elementor-col-50 elementor-top-column elementor-element elementor-element-1e9e739b\" data-id=\"1e9e739b\" data-element_type=\"column\">\n\t\t\t<div class=\"elementor-widget-wrap elementor-element-populated\">\n\t\t\t\t\t\t<div class=\"elementor-element elementor-element-5a91af20 elementor-widget elementor-widget-heading\" data-id=\"5a91af20\" data-element_type=\"widget\" data-widget_type=\"heading.default\">\n\t\t\t\t<div class=\"elementor-widget-container\">\n\t\t\t\t\t<h2 class=\"elementor-heading-title elementor-size-default\">En asociaci\u00f3n con nuestros socios comerciales, con m\u00e1s de 45 a\u00f1os de experiencia, ofrecemos diferentes servicios a campos de producci\u00f3n y\/o perforaci\u00f3n<\/h2>\t\t\t\t<\/div>\n\t\t\t\t<\/div>\n\t\t\t\t<div class=\"elementor-element elementor-element-6dc7d516 elementor-widget-divider--view-line elementor-widget elementor-widget-divider\" data-id=\"6dc7d516\" data-element_type=\"widget\" data-widget_type=\"divider.default\">\n\t\t\t\t<div class=\"elementor-widget-container\">\n\t\t\t\t\t\t\t<div class=\"elementor-divider\">\n\t\t\t<span class=\"elementor-divider-separator\">\n\t\t\t\t\t\t<\/span>\n\t\t<\/div>\n\t\t\t\t\t\t<\/div>\n\t\t\t\t<\/div>\n\t\t\t\t<div class=\"elementor-element elementor-element-52c3af7e elementor-widget elementor-widget-text-editor\" data-id=\"52c3af7e\" data-element_type=\"widget\" data-widget_type=\"text-editor.default\">\n\t\t\t\t<div class=\"elementor-widget-container\">\n\t\t\t\t\t\t\t\t\t<ul><li>Servicio de Coiled Tubing<\/li><li>Servicio de bombeo con unidades de alta presi\u00f3n<\/li><li>Servicio de Slickline<\/li><li>Servicio de Wireline<\/li><li>Unidades de inyecci\u00f3n de nitr\u00f3geno<\/li><li>Medici\u00f3n y well testing<\/li><\/ul>\t\t\t\t\t\t\t\t<\/div>\n\t\t\t\t<\/div>\n\t\t\t\t<div class=\"elementor-element elementor-element-cc0c608 elementor-widget elementor-widget-heading\" data-id=\"cc0c608\" data-element_type=\"widget\" data-widget_type=\"heading.default\">\n\t\t\t\t<div class=\"elementor-widget-container\">\n\t\t\t\t\t<h4 class=\"elementor-heading-title elementor-size-default\">A trav\u00e9s de esquema de renta, que\nincluye instalaci\u00f3n, puesta en\nmarcha y operaci\u00f3n, para costa\nafuera o en tierra:<\/h4>\t\t\t\t<\/div>\n\t\t\t\t<\/div>\n\t\t\t\t<div class=\"elementor-element elementor-element-3275dce elementor-widget elementor-widget-text-editor\" data-id=\"3275dce\" data-element_type=\"widget\" data-widget_type=\"text-editor.default\">\n\t\t\t\t<div class=\"elementor-widget-container\">\n\t\t\t\t\t\t\t\t\t<ul><li>Separaci\u00f3n bif\u00e1sica o trif\u00e1sica<\/li><li>Plantas de producci\u00f3n temprana (separaci\u00f3n,<br \/>acondicionamiento de gas, compresi\u00f3n)<\/li><li>Renta de equipos de compresi\u00f3n de gas<\/li><li>Estimulaci\u00f3n de pozos y sistemas \u00e1cidos<\/li><li>Mejoradores de flujo<\/li><\/ul>\t\t\t\t\t\t\t\t<\/div>\n\t\t\t\t<\/div>\n\t\t\t\t\t<\/div>\n\t\t<\/div>\n\t\t\t\t<div class=\"elementor-column elementor-col-50 elementor-top-column elementor-element elementor-element-6dc690aa\" data-id=\"6dc690aa\" data-element_type=\"column\">\n\t\t\t<div class=\"elementor-widget-wrap elementor-element-populated\">\n\t\t\t\t\t\t<div class=\"elementor-element elementor-element-e67adff elementor-widget elementor-widget-image\" data-id=\"e67adff\" data-element_type=\"widget\" data-widget_type=\"image.default\">\n\t\t\t\t<div class=\"elementor-widget-container\">\n\t\t\t\t\t\t\t\t\t\t\t\t\t\t\t<img fetchpriority=\"high\" decoding=\"async\" width=\"960\" height=\"1280\" src=\"https:\/\/grupojdm.com\/wp-content\/uploads\/2024\/10\/WhatsApp-Image-2024-10-22-at-17.11.50_645fd48e.jpg\" class=\"attachment-full size-full wp-image-333\" alt=\"\" srcset=\"https:\/\/grupojdm.com\/wp-content\/uploads\/2024\/10\/WhatsApp-Image-2024-10-22-at-17.11.50_645fd48e.jpg 960w, https:\/\/grupojdm.com\/wp-content\/uploads\/2024\/10\/WhatsApp-Image-2024-10-22-at-17.11.50_645fd48e-225x300.jpg 225w, https:\/\/grupojdm.com\/wp-content\/uploads\/2024\/10\/WhatsApp-Image-2024-10-22-at-17.11.50_645fd48e-768x1024.jpg 768w\" sizes=\"(max-width: 960px) 100vw, 960px\" \/>\t\t\t\t\t\t\t\t\t\t\t\t\t\t\t<\/div>\n\t\t\t\t<\/div>\n\t\t\t\t\t<\/div>\n\t\t<\/div>\n\t\t\t\t\t<\/div>\n\t\t<\/section>\n\t\t<div class=\"elementor-element elementor-element-a48b8b6 e-flex e-con-boxed e-con e-parent\" data-id=\"a48b8b6\" data-element_type=\"container\">\n\t\t\t\t\t<div class=\"e-con-inner\">\n\t\t\t\t<div class=\"elementor-element elementor-element-17e83bc elementor-widget elementor-widget-image\" data-id=\"17e83bc\" data-element_type=\"widget\" data-widget_type=\"image.default\">\n\t\t\t\t<div class=\"elementor-widget-container\">\n\t\t\t\t\t\t\t\t\t\t\t\t\t\t\t<img decoding=\"async\" width=\"828\" height=\"589\" src=\"https:\/\/grupojdm.com\/wp-content\/uploads\/2024\/10\/WhatsApp-Image-2024-10-22-at-17.11.50_10044a73.jpg\" class=\"attachment-full size-full wp-image-334\" alt=\"\" srcset=\"https:\/\/grupojdm.com\/wp-content\/uploads\/2024\/10\/WhatsApp-Image-2024-10-22-at-17.11.50_10044a73.jpg 828w, https:\/\/grupojdm.com\/wp-content\/uploads\/2024\/10\/WhatsApp-Image-2024-10-22-at-17.11.50_10044a73-300x213.jpg 300w, https:\/\/grupojdm.com\/wp-content\/uploads\/2024\/10\/WhatsApp-Image-2024-10-22-at-17.11.50_10044a73-768x546.jpg 768w\" sizes=\"(max-width: 828px) 100vw, 828px\" \/>\t\t\t\t\t\t\t\t\t\t\t\t\t\t\t<\/div>\n\t\t\t\t<\/div>\n\t\t\t\t\t<\/div>\n\t\t\t\t<\/div>\n\t\t\t\t<\/div>\n\t\t","protected":false},"excerpt":{"rendered":"<p>Home Servicios SERVICIOS A CAMPO En asociaci\u00f3n con nuestros socios comerciales, con m\u00e1s de 45 a\u00f1os de experiencia, ofrecemos diferentes servicios a campos de producci\u00f3n y\/o perforaci\u00f3n Servicio de Coiled Tubing Servicio de bombeo con unidades de alta presi\u00f3n Servicio de Slickline Servicio de Wireline Unidades de inyecci\u00f3n de nitr\u00f3geno Medici\u00f3n y well testing A [&hellip;]<\/p>\n","protected":false},"author":1,"featured_media":0,"parent":0,"menu_order":0,"comment_status":"closed","ping_status":"closed","template":"elementor_header_footer","meta":{"footnotes":""},"class_list":["post-297","page","type-page","status-publish","hentry"],"_links":{"self":[{"href":"https:\/\/grupojdm.com\/index.php\/wp-json\/wp\/v2\/pages\/297","targetHints":{"allow":["GET"]}}],"collection":[{"href":"https:\/\/grupojdm.com\/index.php\/wp-json\/wp\/v2\/pages"}],"about":[{"href":"https:\/\/grupojdm.com\/index.php\/wp-json\/wp\/v2\/types\/page"}],"author":[{"embeddable":true,"href":"https:\/\/grupojdm.com\/index.php\/wp-json\/wp\/v2\/users\/1"}],"replies":[{"embeddable":true,"href":"https:\/\/grupojdm.com\/index.php\/wp-json\/wp\/v2\/comments?post=297"}],"version-history":[{"count":44,"href":"https:\/\/grupojdm.com\/index.php\/wp-json\/wp\/v2\/pages\/297\/revisions"}],"predecessor-version":[{"id":374,"href":"https:\/\/grupojdm.com\/index.php\/wp-json\/wp\/v2\/pages\/297\/revisions\/374"}],"wp:attachment":[{"href":"https:\/\/grupojdm.com\/index.php\/wp-json\/wp\/v2\/media?parent=297"}],"curies":[{"name":"wp","href":"https:\/\/api.w.org\/{rel}","templated":true}]}}